{"id":4811,"date":"2022-09-18T14:45:30","date_gmt":"2022-09-18T14:45:30","guid":{"rendered":"https:\/\/www.nqv-kannenfeld.ch\/?page_id=4811"},"modified":"2022-09-18T16:42:06","modified_gmt":"2022-09-18T16:42:06","slug":"projekt-zuba","status":"publish","type":"page","link":"https:\/\/www.nqv-kannenfeld.ch\/?page_id=4811","title":{"rendered":"Projekt ZUBA"},"content":{"rendered":"\t\t<div data-elementor-type=\"wp-page\" data-elementor-id=\"4811\" class=\"elementor elementor-4811\">\n\t\t\t\t\t\t<section class=\"elementor-section elementor-top-section elementor-element elementor-element-87b2ce7 elementor-section-full_width elementor-section-height-default elementor-section-height-default\" data-id=\"87b2ce7\" data-element_type=\"section\" data-e-type=\"section\" data-settings=\"{&quot;background_background&quot;:&quot;classic&quot;}\">\n\t\t\t\t\t\t<div class=\"elementor-container elementor-column-gap-default\">\n\t\t\t\t\t<div class=\"elementor-column elementor-col-100 elementor-top-column elementor-element elementor-element-918ec31\" data-id=\"918ec31\" data-element_type=\"column\" data-e-type=\"column\">\n\t\t\t<div class=\"elementor-widget-wrap\">\n\t\t\t\t\t\t\t<\/div>\n\t\t<\/div>\n\t\t\t\t\t<\/div>\n\t\t<\/section>\n\t\t\t\t<section class=\"elementor-section elementor-top-section elementor-element elementor-element-f18d77c elementor-section-boxed elementor-section-height-default elementor-section-height-default\" data-id=\"f18d77c\" data-element_type=\"section\" data-e-type=\"section\">\n\t\t\t\t\t\t<div class=\"elementor-container elementor-column-gap-default\">\n\t\t\t\t\t<div class=\"elementor-column elementor-col-100 elementor-top-column elementor-element elementor-element-aa84145\" data-id=\"aa84145\" data-element_type=\"column\" data-e-type=\"column\">\n\t\t\t<div class=\"elementor-widget-wrap elementor-element-populated\">\n\t\t\t\t\t\t<div class=\"elementor-element elementor-element-ee09506 elementor-widget elementor-widget-heading\" data-id=\"ee09506\" data-element_type=\"widget\" data-e-type=\"widget\" data-widget_type=\"heading.default\">\n\t\t\t\t<div class=\"elementor-widget-container\">\n\t\t\t\t\t<h2 class=\"elementor-heading-title elementor-size-default\">ZUBA - Basel West vom Verkehr entlasten<\/h2>\t\t\t\t<\/div>\n\t\t\t\t<\/div>\n\t\t\t\t\t<\/div>\n\t\t<\/div>\n\t\t\t\t\t<\/div>\n\t\t<\/section>\n\t\t\t\t<section class=\"elementor-section elementor-top-section elementor-element elementor-element-afb921e elementor-section-boxed elementor-section-height-default elementor-section-height-default\" data-id=\"afb921e\" data-element_type=\"section\" data-e-type=\"section\">\n\t\t\t\t\t\t<div class=\"elementor-container elementor-column-gap-default\">\n\t\t\t\t\t<div class=\"elementor-column elementor-col-100 elementor-top-column elementor-element elementor-element-d912ae0\" data-id=\"d912ae0\" data-element_type=\"column\" data-e-type=\"column\">\n\t\t\t<div class=\"elementor-widget-wrap elementor-element-populated\">\n\t\t\t\t\t\t<div class=\"elementor-element elementor-element-ab9b13a elementor-widget elementor-widget-heading\" data-id=\"ab9b13a\" data-element_type=\"widget\" data-e-type=\"widget\" data-widget_type=\"heading.default\">\n\t\t\t\t<div class=\"elementor-widget-container\">\n\t\t\t\t\t<h2 class=\"elementor-heading-title elementor-size-default\">Petitions\u00fcbergabe<\/h2>\t\t\t\t<\/div>\n\t\t\t\t<\/div>\n\t\t\t\t\t<\/div>\n\t\t<\/div>\n\t\t\t\t\t<\/div>\n\t\t<\/section>\n\t\t\t\t<section class=\"elementor-section elementor-top-section elementor-element elementor-element-2295040 elementor-section-boxed elementor-section-height-default elementor-section-height-default\" data-id=\"2295040\" data-element_type=\"section\" data-e-type=\"section\">\n\t\t\t\t\t\t<div class=\"elementor-container elementor-column-gap-default\">\n\t\t\t\t\t<div class=\"elementor-column elementor-col-50 elementor-top-column elementor-element elementor-element-5d1861b\" data-id=\"5d1861b\" data-element_type=\"column\" data-e-type=\"column\">\n\t\t\t<div class=\"elementor-widget-wrap elementor-element-populated\">\n\t\t\t\t\t\t<div class=\"elementor-element elementor-element-ec5351d elementor-widget elementor-widget-text-editor\" data-id=\"ec5351d\" data-element_type=\"widget\" data-e-type=\"widget\" data-widget_type=\"text-editor.default\">\n\t\t\t\t<div class=\"elementor-widget-container\">\n\t\t\t\t\t\t\t\t\t<p>Besten Danke an alle die unsere ZUBA-Petition tatkr\u00e4ftig unterst\u00fctzt haben.<\/p><p>Am Donnerstag, 08.09.2022 haben wir die \u00fcber 1000 Unterschriften, welche in k\u00fcrzester Zeit gesammelt werden konnten, im Bundeshaus Bern der Petitionskommission \u00fcbergeben.<\/p>\t\t\t\t\t\t\t\t<\/div>\n\t\t\t\t<\/div>\n\t\t\t\t\t<\/div>\n\t\t<\/div>\n\t\t\t\t<div class=\"elementor-column elementor-col-50 elementor-top-column elementor-element elementor-element-66fb71a\" data-id=\"66fb71a\" data-element_type=\"column\" data-e-type=\"column\">\n\t\t\t<div class=\"elementor-widget-wrap elementor-element-populated\">\n\t\t\t\t\t\t<div class=\"elementor-element elementor-element-15f872b elementor-widget elementor-widget-image-gallery\" data-id=\"15f872b\" data-element_type=\"widget\" data-e-type=\"widget\" data-widget_type=\"image-gallery.default\">\n\t\t\t\t<div class=\"elementor-widget-container\">\n\t\t\t\t\t\t\t<div class=\"elementor-image-gallery\">\n\t\t\t<div id='gallery-1' class='gallery galleryid-4811 gallery-columns-2 gallery-size-thumbnail'><figure class='gallery-item'>\n\t\t\t<div class='gallery-icon portrait'>\n\t\t\t\t<a data-elementor-open-lightbox=\"yes\" data-elementor-lightbox-slideshow=\"15f872b\" data-elementor-lightbox-title=\"IMG_1013 k\" data-e-action-hash=\"#elementor-action%3Aaction%3Dlightbox%26settings%3DeyJpZCI6NDc3OCwidXJsIjoiaHR0cHM6XC9cL3d3dy5ucXYta2FubmVuZmVsZC5jaFwvd3AtY29udGVudFwvdXBsb2Fkc1wvMjAyMlwvMDlcL0lNR18xMDEzLWsuanBnIiwic2xpZGVzaG93IjoiMTVmODcyYiJ9\" href='https:\/\/www.nqv-kannenfeld.ch\/wp-content\/uploads\/2022\/09\/IMG_1013-k.jpg'><img decoding=\"async\" width=\"150\" height=\"150\" src=\"https:\/\/www.nqv-kannenfeld.ch\/wp-content\/uploads\/2022\/09\/IMG_1013-k-150x150.jpg\" class=\"attachment-thumbnail size-thumbnail\" alt=\"\" srcset=\"https:\/\/www.nqv-kannenfeld.ch\/wp-content\/uploads\/2022\/09\/IMG_1013-k-150x150.jpg 150w, https:\/\/www.nqv-kannenfeld.ch\/wp-content\/uploads\/2022\/09\/IMG_1013-k-600x600.jpg 600w\" sizes=\"(max-width: 150px) 100vw, 150px\" \/><\/a>\n\t\t\t<\/div><\/figure><figure class='gallery-item'>\n\t\t\t<div class='gallery-icon portrait'>\n\t\t\t\t<a data-elementor-open-lightbox=\"yes\" data-elementor-lightbox-slideshow=\"15f872b\" data-elementor-lightbox-title=\"IMG_1010 k\" data-e-action-hash=\"#elementor-action%3Aaction%3Dlightbox%26settings%3DeyJpZCI6NDc3NywidXJsIjoiaHR0cHM6XC9cL3d3dy5ucXYta2FubmVuZmVsZC5jaFwvd3AtY29udGVudFwvdXBsb2Fkc1wvMjAyMlwvMDlcL0lNR18xMDEwLWsuanBnIiwic2xpZGVzaG93IjoiMTVmODcyYiJ9\" href='https:\/\/www.nqv-kannenfeld.ch\/wp-content\/uploads\/2022\/09\/IMG_1010-k.jpg'><img decoding=\"async\" width=\"150\" height=\"150\" src=\"https:\/\/www.nqv-kannenfeld.ch\/wp-content\/uploads\/2022\/09\/IMG_1010-k-150x150.jpg\" class=\"attachment-thumbnail size-thumbnail\" alt=\"\" srcset=\"https:\/\/www.nqv-kannenfeld.ch\/wp-content\/uploads\/2022\/09\/IMG_1010-k-150x150.jpg 150w, https:\/\/www.nqv-kannenfeld.ch\/wp-content\/uploads\/2022\/09\/IMG_1010-k-600x600.jpg 600w\" sizes=\"(max-width: 150px) 100vw, 150px\" \/><\/a>\n\t\t\t<\/div><\/figure>\n\t\t<\/div>\n\t\t<\/div>\n\t\t\t\t\t\t<\/div>\n\t\t\t\t<\/div>\n\t\t\t\t\t<\/div>\n\t\t<\/div>\n\t\t\t\t\t<\/div>\n\t\t<\/section>\n\t\t\t\t<section class=\"elementor-section elementor-top-section elementor-element elementor-element-74d12dd elementor-section-boxed elementor-section-height-default elementor-section-height-default\" data-id=\"74d12dd\" data-element_type=\"section\" data-e-type=\"section\">\n\t\t\t\t\t\t<div class=\"elementor-container elementor-column-gap-default\">\n\t\t\t\t\t<div class=\"elementor-column elementor-col-100 elementor-top-column elementor-element elementor-element-3812be8\" data-id=\"3812be8\" data-element_type=\"column\" data-e-type=\"column\">\n\t\t\t<div class=\"elementor-widget-wrap elementor-element-populated\">\n\t\t\t\t\t\t<div class=\"elementor-element elementor-element-e77df61 elementor-widget elementor-widget-image\" data-id=\"e77df61\" data-element_type=\"widget\" data-e-type=\"widget\" data-widget_type=\"image.default\">\n\t\t\t\t<div class=\"elementor-widget-container\">\n\t\t\t\t\t\t\t\t\t\t\t\t\t\t\t<img decoding=\"async\" src=\"https:\/\/www.nqv-kannenfeld.ch\/wp-content\/uploads\/elementor\/thumbs\/LogoZuba-jl-pry1q8ycft98ikacmf3ekq2tpqzuci7s4xi4gvseaw.png\" title=\"LogoZuba jl\" alt=\"LogoZuba jl\" loading=\"lazy\" \/>\t\t\t\t\t\t\t\t\t\t\t\t\t\t\t<\/div>\n\t\t\t\t<\/div>\n\t\t\t\t\t<\/div>\n\t\t<\/div>\n\t\t\t\t\t<\/div>\n\t\t<\/section>\n\t\t\t\t<section class=\"elementor-section elementor-top-section elementor-element elementor-element-9825a6d elementor-section-boxed elementor-section-height-default elementor-section-height-default\" data-id=\"9825a6d\" data-element_type=\"section\" data-e-type=\"section\">\n\t\t\t\t\t\t<div class=\"elementor-container elementor-column-gap-default\">\n\t\t\t\t\t<div class=\"elementor-column elementor-col-100 elementor-top-column elementor-element elementor-element-48428e5\" data-id=\"48428e5\" data-element_type=\"column\" data-e-type=\"column\">\n\t\t\t<div class=\"elementor-widget-wrap elementor-element-populated\">\n\t\t\t\t\t\t<div class=\"elementor-element elementor-element-3526662 elementor-widget elementor-widget-heading\" data-id=\"3526662\" data-element_type=\"widget\" data-e-type=\"widget\" data-widget_type=\"heading.default\">\n\t\t\t\t<div class=\"elementor-widget-container\">\n\t\t\t\t\t<h2 class=\"elementor-heading-title elementor-size-default\">Um was geht es ?<\/h2>\t\t\t\t<\/div>\n\t\t\t\t<\/div>\n\t\t\t\t\t<\/div>\n\t\t<\/div>\n\t\t\t\t\t<\/div>\n\t\t<\/section>\n\t\t\t\t<section class=\"elementor-section elementor-top-section elementor-element elementor-element-a7a631f elementor-section-boxed elementor-section-height-default elementor-section-height-default\" data-id=\"a7a631f\" data-element_type=\"section\" data-e-type=\"section\">\n\t\t\t\t\t\t<div class=\"elementor-container elementor-column-gap-default\">\n\t\t\t\t\t<div class=\"elementor-column elementor-col-100 elementor-top-column elementor-element elementor-element-1311007\" data-id=\"1311007\" data-element_type=\"column\" data-e-type=\"column\">\n\t\t\t<div class=\"elementor-widget-wrap elementor-element-populated\">\n\t\t\t\t\t\t<div class=\"elementor-element elementor-element-73ccf6a elementor-widget elementor-widget-text-editor\" data-id=\"73ccf6a\" data-element_type=\"widget\" data-e-type=\"widget\" data-widget_type=\"text-editor.default\">\n\t\t\t\t<div class=\"elementor-widget-container\">\n\t\t\t\t\t\t\t\t\t<p>Das Bachgrabengebiet erlebt zur Zeit einen grossen Aufschwung als wichtiges Wirtschaftsgebiet der Region. Rund 10&#8217;000 Arbeitspl\u00e4tze entstehen. Wir, die beiden Neutralen Quartiervereine Kannenfeld und St. Johann in der IG Pro ZUBA, setzen uns daf\u00fcr ein, dass das Bachgrabenareal umfassend und f\u00fcr alle Verkehrsmittel ohne zus\u00e4tzliche Belastung f\u00fcr die Quartiere erschlossen wird.<\/p><p>Der Bundesrat hat in seiner Botschaft zum 4. Agglomerationsprogramm den Zubringer Bachgraben Allschwil nicht als A-Massnahme aufgef\u00fchrt. Somit droht dieses wichtige Strassenprojekt auf unbestimmte Zeit hinausgeschoben zu werden.<\/p><p>Wir wollen aber nicht im, f\u00fcr Basel West drohenden Megastau zu ersticken und fordern den Bundesrat auf, mittels unserer Petition, seine Botschaft zu \u00fcberdenken und das Projekt ZUBA als A-Massnahme einzustufen.<\/p><p>Online Petition:<br \/><a href=\"https:\/\/www.openpetition.eu\/petition\/online\/pro-zuba-basel-west-vom-verkehr-entlasten\" target=\"_blank\" rel=\"noopener\">https:\/\/www.openpetition.eu\/petition\/online\/pro-zuba-basel-west-vom-verkehr-entlasten<\/a><br \/><br \/>Weiter Informationen erhalten Sie unter: <a href=\"http:\/\/www.igprozuba.ch\" target=\"_blank\" rel=\"noopener\">www.igprozuba.ch<\/a><\/p>\t\t\t\t\t\t\t\t<\/div>\n\t\t\t\t<\/div>\n\t\t\t\t<div class=\"elementor-element elementor-element-ab8095d elementor-widget-divider--view-line elementor-widget elementor-widget-divider\" data-id=\"ab8095d\" data-element_type=\"widget\" data-e-type=\"widget\" data-widget_type=\"divider.default\">\n\t\t\t\t<div class=\"elementor-widget-container\">\n\t\t\t\t\t\t\t<div class=\"elementor-divider\">\n\t\t\t<span class=\"elementor-divider-separator\">\n\t\t\t\t\t\t<\/span>\n\t\t<\/div>\n\t\t\t\t\t\t<\/div>\n\t\t\t\t<\/div>\n\t\t\t\t\t<\/div>\n\t\t<\/div>\n\t\t\t\t\t<\/div>\n\t\t<\/section>\n\t\t\t\t<section class=\"elementor-section elementor-top-section elementor-element elementor-element-2a954c9 elementor-section-boxed elementor-section-height-default elementor-section-height-default\" data-id=\"2a954c9\" data-element_type=\"section\" data-e-type=\"section\">\n\t\t\t\t\t\t<div class=\"elementor-container elementor-column-gap-default\">\n\t\t\t\t\t<div class=\"elementor-column elementor-col-100 elementor-top-column elementor-element elementor-element-d8913c9\" data-id=\"d8913c9\" data-element_type=\"column\" data-e-type=\"column\">\n\t\t\t<div class=\"elementor-widget-wrap elementor-element-populated\">\n\t\t\t\t\t\t<div class=\"elementor-element elementor-element-ad98368 elementor-arrows-position-inside elementor-pagination-position-outside elementor-widget elementor-widget-image-carousel\" data-id=\"ad98368\" data-element_type=\"widget\" data-e-type=\"widget\" data-settings=\"{&quot;navigation&quot;:&quot;both&quot;,&quot;autoplay&quot;:&quot;yes&quot;,&quot;pause_on_hover&quot;:&quot;yes&quot;,&quot;pause_on_interaction&quot;:&quot;yes&quot;,&quot;autoplay_speed&quot;:5000,&quot;infinite&quot;:&quot;yes&quot;,&quot;speed&quot;:500}\" data-widget_type=\"image-carousel.default\">\n\t\t\t\t<div class=\"elementor-widget-container\">\n\t\t\t\t\t\t\t<div class=\"elementor-image-carousel-wrapper swiper\" role=\"region\" aria-roledescription=\"carousel\" aria-label=\"Bild Karussell\" dir=\"ltr\">\n\t\t\t<div class=\"elementor-image-carousel swiper-wrapper\" aria-live=\"off\">\n\t\t\t\t\t\t\t\t<div class=\"swiper-slide\" role=\"group\" aria-roledescription=\"slide\" aria-label=\"1 von 5\"><figure class=\"swiper-slide-inner\"><img decoding=\"async\" class=\"swiper-slide-image\" src=\"https:\/\/www.nqv-kannenfeld.ch\/wp-content\/uploads\/2022\/08\/Laengsprofil_TBBL-kl-150x150.jpg\" alt=\"L\u00e4ngsprofil_TBBL kl\" \/><\/figure><\/div><div class=\"swiper-slide\" role=\"group\" aria-roledescription=\"slide\" aria-label=\"2 von 5\"><figure class=\"swiper-slide-inner\"><img decoding=\"async\" class=\"swiper-slide-image\" src=\"https:\/\/www.nqv-kannenfeld.ch\/wp-content\/uploads\/2022\/08\/Logo_NQVJ-kl-150x150.png\" alt=\"Logo_NQVJ kl\" \/><\/figure><\/div><div class=\"swiper-slide\" role=\"group\" aria-roledescription=\"slide\" aria-label=\"3 von 5\"><figure class=\"swiper-slide-inner\"><img decoding=\"async\" class=\"swiper-slide-image\" src=\"https:\/\/www.nqv-kannenfeld.ch\/wp-content\/uploads\/2022\/08\/Bild_TBBL-kl-150x150.jpg\" alt=\"Bild_TBBL kl\" \/><\/figure><\/div><div class=\"swiper-slide\" role=\"group\" aria-roledescription=\"slide\" aria-label=\"4 von 5\"><figure class=\"swiper-slide-inner\"><img decoding=\"async\" class=\"swiper-slide-image\" src=\"https:\/\/www.nqv-kannenfeld.ch\/wp-content\/uploads\/2022\/08\/NQVK_Logo-kl-150x150.png\" alt=\"NQVK_Logo kl\" \/><\/figure><\/div><div class=\"swiper-slide\" role=\"group\" aria-roledescription=\"slide\" aria-label=\"5 von 5\"><figure class=\"swiper-slide-inner\"><img decoding=\"async\" class=\"swiper-slide-image\" src=\"https:\/\/www.nqv-kannenfeld.ch\/wp-content\/uploads\/2022\/08\/Plan-kl-150x150.png\" alt=\"Plan kl\" \/><\/figure><\/div>\t\t\t<\/div>\n\t\t\t\t\t\t\t\t\t\t\t\t<div class=\"elementor-swiper-button elementor-swiper-button-prev\" role=\"button\" tabindex=\"0\">\n\t\t\t\t\t\t<i aria-hidden=\"true\" class=\"eicon-chevron-left\"><\/i>\t\t\t\t\t<\/div>\n\t\t\t\t\t<div class=\"elementor-swiper-button elementor-swiper-button-next\" role=\"button\" tabindex=\"0\">\n\t\t\t\t\t\t<i aria-hidden=\"true\" class=\"eicon-chevron-right\"><\/i>\t\t\t\t\t<\/div>\n\t\t\t\t\n\t\t\t\t\t\t\t\t\t<div class=\"swiper-pagination\"><\/div>\n\t\t\t\t\t\t\t\t\t<\/div>\n\t\t\t\t\t\t<\/div>\n\t\t\t\t<\/div>\n\t\t\t\t\t<\/div>\n\t\t<\/div>\n\t\t\t\t\t<\/div>\n\t\t<\/section>\n\t\t\t\t<section class=\"elementor-section elementor-top-section elementor-element elementor-element-33008f0 elementor-section-boxed elementor-section-height-default elementor-section-height-default\" data-id=\"33008f0\" data-element_type=\"section\" data-e-type=\"section\">\n\t\t\t\t\t\t<div class=\"elementor-container elementor-column-gap-default\">\n\t\t\t\t\t<div class=\"elementor-column elementor-col-100 elementor-top-column elementor-element elementor-element-b8b1c2b\" data-id=\"b8b1c2b\" data-element_type=\"column\" data-e-type=\"column\">\n\t\t\t<div class=\"elementor-widget-wrap elementor-element-populated\">\n\t\t\t\t\t\t<div class=\"elementor-element elementor-element-dd3fd93 elementor-widget-divider--view-line elementor-widget elementor-widget-divider\" data-id=\"dd3fd93\" data-element_type=\"widget\" data-e-type=\"widget\" data-widget_type=\"divider.default\">\n\t\t\t\t<div class=\"elementor-widget-container\">\n\t\t\t\t\t\t\t<div class=\"elementor-divider\">\n\t\t\t<span class=\"elementor-divider-separator\">\n\t\t\t\t\t\t<\/span>\n\t\t<\/div>\n\t\t\t\t\t\t<\/div>\n\t\t\t\t<\/div>\n\t\t\t\t<div class=\"elementor-element elementor-element-5ead4f7 elementor-widget elementor-widget-heading\" data-id=\"5ead4f7\" data-element_type=\"widget\" data-e-type=\"widget\" data-widget_type=\"heading.default\">\n\t\t\t\t<div class=\"elementor-widget-container\">\n\t\t\t\t\t<h2 class=\"elementor-heading-title elementor-size-default\">Die neue STAU-OASE im Iselinquartier<\/h2>\t\t\t\t<\/div>\n\t\t\t\t<\/div>\n\t\t\t\t<div class=\"elementor-element elementor-element-b5e40e8 elementor-widget elementor-widget-text-editor\" data-id=\"b5e40e8\" data-element_type=\"widget\" data-e-type=\"widget\" data-widget_type=\"text-editor.default\">\n\t\t\t\t<div class=\"elementor-widget-container\">\n\t\t\t\t\t\t\t\t\t<p><span style=\"font-size: 16px; color: var( --e-global-color-5ada88c7 ); letter-spacing: 1.1px;\"><span style=\"text-decoration: underline;\">Hegenheimermattweg<\/span> &#8211; <span style=\"text-decoration: underline;\">Belforterstrasse<\/span> &#8211; <span style=\"text-decoration: underline;\">Hegenheimerstrasse<\/span> &#8211; <span style=\"text-decoration: underline;\">Luzernerring<\/span><\/span><\/p><p>Im Bachgrabengebiet entsteht das neue Silicon Valley, welches in den n\u00e4chsten Jahren Arbeitspl\u00e4tze, f\u00fcr Tausende von Personen, schaffen wird. Die ersten rund 700 Mitarbeitende und Studierende des neuen Schweizerischen Tropen- und Public-Health-Instituts werden in den kommenden Wochen einziehen.<\/p><p>Da stellt sich uns die Frage der zuk\u00fcnftigen Verkehrsabwicklung. Was gedenkt BS und BL zu tun um ein totales Verkehrschaos zu verhindern (zeitweise besteht es heute schon)?<\/p><p>Anscheinend l\u00e4sst BS und BL die Situation auf sich zukommen. Denn:<\/p><p>1.\u00a0 Die Busverl\u00e4ngerung der Line 64 vom Parkplatz Bachgraben bis zum Bahnhof St. Johann ist aus Kostengr\u00fcnden bis auf weiteres verschoben.<\/p><p>2. Der Anschluss an die Nordtangente l\u00e4sst geduldig auf sich warten.<\/p><p>3. Die geplante Tramlinienverl\u00e4ngerung des Trams 8 ist abh\u00e4ngig vom Bau des Anschlusses an die Nordtangente.<\/p><p>Die Anwohner*innen in den Quartierstrassen werden alleine gelassen. L\u00e4rm, Staus, Abgase, Unf\u00e4lle, fehlende Parkpl\u00e4tze, Tempo 30 werden das Bild in den n\u00e4chsten Jahren pr\u00e4gen und daf\u00fcr sorgen, dass eine massive Abwertung dieses Teils des Iselinwohnquartiers stattfinden wird.<\/p><p><span style=\"color: #ff0000;\">Wollen wir das?<\/span><\/p><p><span style=\"color: #ff0000;\">Wir sind \u00fcberzeugt NEIN.<\/span><\/p><p>Wir wollen mit Ihnen, den Anwohnern und den involvierten Parteien ins Gespr\u00e4ch kommen<br \/>und f\u00fcr den haltlosen &#8222;Zwischenzustand&#8220; L\u00f6sungen finden.<\/p><p><span style=\"font-size: 16px; color: var( --e-global-color-5ada88c7 ); letter-spacing: 1.1px;\"><span style=\"color: #ff0000;\">Dazu ben\u00f6tigen wir auch Ihre Meinung.<\/span><br \/><\/span><\/p><p><span style=\"color: #ff0000;\">Teilen Sie uns diese bitte mit auf:<br \/><\/span><br \/><span style=\"color: #ff0000;\"><a style=\"color: #ff0000;\" href=\"mailto:bvb.bus64@nqv-kannenfeld.ch\" target=\"_blank\" rel=\"noopener\">bvb.bus64@nqv-kannenfeld.ch<\/a><\/span><\/p><p>Einen Bericht der BAZ \u00fcber finden Sie unter<a href=\"https:\/\/www.nqv-kannenfeld.ch\/?page_id=1197\"> &#8222;News&#8220;<\/a> oder als PDF: &#8222;<a href=\"https:\/\/www.nqv-kannenfeld.ch\/wp-content\/uploads\/2021\/10\/BVB-Bus-64_0001.pdf\">BVB Bus 64&#8243;<\/a>.<\/p>\t\t\t\t\t\t\t\t<\/div>\n\t\t\t\t<\/div>\n\t\t\t\t<div class=\"elementor-element elementor-element-3445f9c elementor-widget-divider--view-line elementor-widget elementor-widget-divider\" data-id=\"3445f9c\" data-element_type=\"widget\" data-e-type=\"widget\" data-widget_type=\"divider.default\">\n\t\t\t\t<div class=\"elementor-widget-container\">\n\t\t\t\t\t\t\t<div class=\"elementor-divider\">\n\t\t\t<span class=\"elementor-divider-separator\">\n\t\t\t\t\t\t<\/span>\n\t\t<\/div>\n\t\t\t\t\t\t<\/div>\n\t\t\t\t<\/div>\n\t\t\t\t\t<\/div>\n\t\t<\/div>\n\t\t\t\t\t<\/div>\n\t\t<\/section>\n\t\t\t\t<\/div>\n\t\t","protected":false},"excerpt":{"rendered":"<p>ZUBA &#8211; Basel West vom Verkehr entlasten Petitions\u00fcbergabe Besten Danke an alle die unsere ZUBA-Petition tatkr\u00e4ftig unterst\u00fctzt haben. Am Donnerstag, 08.09.2022 haben wir die \u00fcber 1000 Unterschriften, welche in k\u00fcrzester Zeit gesammelt werden konnten, im Bundeshaus Bern der Petitionskommission \u00fcbergeben. Um was geht es ? Das Bachgrabengebiet erlebt zur Zeit einen grossen Aufschwung als wichtiges [&hellip;]<\/p>\n","protected":false},"author":1,"featured_media":0,"parent":0,"menu_order":0,"comment_status":"closed","ping_status":"closed","template":"","meta":{"ocean_post_layout":"full-screen","ocean_both_sidebars_style":"","ocean_both_sidebars_content_width":0,"ocean_both_sidebars_sidebars_width":0,"ocean_sidebar":"0","ocean_second_sidebar":"0","ocean_disable_margins":"enable","ocean_add_body_class":"","ocean_shortcode_before_top_bar":"","ocean_shortcode_after_top_bar":"","ocean_shortcode_before_header":"","ocean_shortcode_after_header":"","ocean_has_shortcode":"","ocean_shortcode_after_title":"","ocean_shortcode_before_footer_widgets":"","ocean_shortcode_after_footer_widgets":"","ocean_shortcode_before_footer_bottom":"","ocean_shortcode_after_footer_bottom":"","ocean_display_top_bar":"off","ocean_display_header":"default","ocean_header_style":"","ocean_center_header_left_menu":"0","ocean_custom_header_template":"0","ocean_custom_logo":0,"ocean_custom_retina_logo":0,"ocean_custom_logo_max_width":0,"ocean_custom_logo_tablet_max_width":0,"ocean_custom_logo_mobile_max_width":0,"ocean_custom_logo_max_height":0,"ocean_custom_logo_tablet_max_height":0,"ocean_custom_logo_mobile_max_height":0,"ocean_header_custom_menu":"2","ocean_menu_typo_font_family":"0","ocean_menu_typo_font_subset":"","ocean_menu_typo_font_size":0,"ocean_menu_typo_font_size_tablet":0,"ocean_menu_typo_font_size_mobile":0,"ocean_menu_typo_font_size_unit":"px","ocean_menu_typo_font_weight":"","ocean_menu_typo_font_weight_tablet":"","ocean_menu_typo_font_weight_mobile":"","ocean_menu_typo_transform":"","ocean_menu_typo_transform_tablet":"","ocean_menu_typo_transform_mobile":"","ocean_menu_typo_line_height":0,"ocean_menu_typo_line_height_tablet":0,"ocean_menu_typo_line_height_mobile":0,"ocean_menu_typo_line_height_unit":"","ocean_menu_typo_spacing":0,"ocean_menu_typo_spacing_tablet":0,"ocean_menu_typo_spacing_mobile":0,"ocean_menu_typo_spacing_unit":"","ocean_menu_link_color":"","ocean_menu_link_color_hover":"","ocean_menu_link_color_active":"","ocean_menu_link_background":"","ocean_menu_link_hover_background":"","ocean_menu_link_active_background":"","ocean_menu_social_links_bg":"","ocean_menu_social_hover_links_bg":"","ocean_menu_social_links_color":"","ocean_menu_social_hover_links_color":"","ocean_disable_title":"on","ocean_disable_heading":"default","ocean_post_title":"","ocean_post_subheading":"","ocean_post_title_style":"","ocean_post_title_background_color":"","ocean_post_title_background":0,"ocean_post_title_bg_image_position":"","ocean_post_title_bg_image_attachment":"","ocean_post_title_bg_image_repeat":"","ocean_post_title_bg_image_size":"","ocean_post_title_height":0,"ocean_post_title_bg_overlay":0.5,"ocean_post_title_bg_overlay_color":"","ocean_disable_breadcrumbs":"default","ocean_breadcrumbs_color":"","ocean_breadcrumbs_separator_color":"","ocean_breadcrumbs_links_color":"","ocean_breadcrumbs_links_hover_color":"","ocean_display_footer_widgets":"default","ocean_display_footer_bottom":"off","ocean_custom_footer_template":"0","footnotes":""},"class_list":["post-4811","page","type-page","status-publish","hentry","entry"],"_links":{"self":[{"href":"https:\/\/www.nqv-kannenfeld.ch\/index.php?rest_route=\/wp\/v2\/pages\/4811","targetHints":{"allow":["GET"]}}],"collection":[{"href":"https:\/\/www.nqv-kannenfeld.ch\/index.php?rest_route=\/wp\/v2\/pages"}],"about":[{"href":"https:\/\/www.nqv-kannenfeld.ch\/index.php?rest_route=\/wp\/v2\/types\/page"}],"author":[{"embeddable":true,"href":"https:\/\/www.nqv-kannenfeld.ch\/index.php?rest_route=\/wp\/v2\/users\/1"}],"replies":[{"embeddable":true,"href":"https:\/\/www.nqv-kannenfeld.ch\/index.php?rest_route=%2Fwp%2Fv2%2Fcomments&post=4811"}],"version-history":[{"count":46,"href":"https:\/\/www.nqv-kannenfeld.ch\/index.php?rest_route=\/wp\/v2\/pages\/4811\/revisions"}],"predecessor-version":[{"id":4928,"href":"https:\/\/www.nqv-kannenfeld.ch\/index.php?rest_route=\/wp\/v2\/pages\/4811\/revisions\/4928"}],"wp:attachment":[{"href":"https:\/\/www.nqv-kannenfeld.ch\/index.php?rest_route=%2Fwp%2Fv2%2Fmedia&parent=4811"}],"curies":[{"name":"wp","href":"https:\/\/api.w.org\/{rel}","templated":true}]}}